{"id":15,"date":"2023-11-21T09:35:07","date_gmt":"2023-11-21T08:35:07","guid":{"rendered":"https:\/\/grysweden.se\/?page_id=15"},"modified":"2025-03-31T20:36:55","modified_gmt":"2025-03-31T18:36:55","slug":"hem","status":"publish","type":"page","link":"https:\/\/grysweden.se\/","title":{"rendered":"Startsida"},"content":{"rendered":"<p><style>\/*! elementor - v3.17.0 - 08-11-2023 *\/<br \/>\n.elementor-widget-image{text-align:center}.elementor-widget-image a{display:inline-block}.elementor-widget-image a img[src$=\".svg\"]{width:48px}.elementor-widget-image img{vertical-align:middle;display:inline-block}<\/style>\n<\/p>\n<p><a href=\"https:\/\/grysweden.se\/?product=the-tote\"><br \/><img fetchpriority=\"high\" decoding=\"async\" src=\"https:\/\/grysweden.se\/wp-content\/uploads\/2024\/06\/29A2123_brus_copyright_CarlaOrregoVeliz-768x1152.png\" sizes=\"(max-width: 768px) 100vw, 768px\" srcset=\"https:\/\/grysweden.se\/wp-content\/uploads\/2024\/06\/29A2123_brus_copyright_CarlaOrregoVeliz-768x1152.png 768w, https:\/\/grysweden.se\/wp-content\/uploads\/2024\/06\/29A2123_brus_copyright_CarlaOrregoVeliz-200x300.png 200w, https:\/\/grysweden.se\/wp-content\/uploads\/2024\/06\/29A2123_brus_copyright_CarlaOrregoVeliz-683x1024.png 683w, https:\/\/grysweden.se\/wp-content\/uploads\/2024\/06\/29A2123_brus_copyright_CarlaOrregoVeliz-1024x1536.png 1024w, https:\/\/grysweden.se\/wp-content\/uploads\/2024\/06\/29A2123_brus_copyright_CarlaOrregoVeliz-1365x2048.png 1365w, https:\/\/grysweden.se\/wp-content\/uploads\/2024\/06\/29A2123_brus_copyright_CarlaOrregoVeliz-1320x1980.png 1320w, https:\/\/grysweden.se\/wp-content\/uploads\/2024\/06\/29A2123_brus_copyright_CarlaOrregoVeliz-600x900.png 600w\" alt=\"\" width=\"768\" height=\"1152\" \/> <\/a><\/p>\n<p><style>\/*! elementor - v3.17.0 - 08-11-2023 *\/<br \/>\n.elementor-widget-divider{--divider-border-style:none;--divider-border-width:1px;--divider-color:#0c0d0e;--divider-icon-size:20px;--divider-element-spacing:10px;--divider-pattern-height:24px;--divider-pattern-size:20px;--divider-pattern-url:none;--divider-pattern-repeat:repeat-x}.elementor-widget-divider .elementor-divider{display:flex}.elementor-widget-divider .elementor-divider__text{font-size:15px;line-height:1;max-width:95%}.elementor-widget-divider .elementor-divider__element{margin:0 var(--divider-element-spacing);flex-shrink:0}.elementor-widget-divider .elementor-icon{font-size:var(--divider-icon-size)}.elementor-widget-divider .elementor-divider-separator{display:flex;margin:0;direction:ltr}.elementor-widget-divider--view-line_icon .elementor-divider-separator,.elementor-widget-divider--view-line_text .elementor-divider-separator{align-items:center}.elementor-widget-divider--view-line_icon .elementor-divider-separator:after,.elementor-widget-divider--view-line_icon .elementor-divider-separator:before,.elementor-widget-divider--view-line_text .elementor-divider-separator:after,.elementor-widget-divider--view-line_text .elementor-divider-separator:before{display:block;content:\"\";border-bottom:0;flex-grow:1;border-top:var(--divider-border-width) var(--divider-border-style) var(--divider-color)}.elementor-widget-divider--element-align-left .elementor-divider .elementor-divider-separator>.elementor-divider__svg:first-of-type{flex-grow:0;flex-shrink:100}.elementor-widget-divider--element-align-left .elementor-divider-separator:before{content:none}.elementor-widget-divider--element-align-left .elementor-divider__element{margin-left:0}.elementor-widget-divider--element-align-right .elementor-divider .elementor-divider-separator>.elementor-divider__svg:last-of-type{flex-grow:0;flex-shrink:100}.elementor-widget-divider--element-align-right .elementor-divider-separator:after{content:none}.elementor-widget-divider--element-align-right .elementor-divider__element{margin-right:0}.elementor-widget-divider:not(.elementor-widget-divider--view-line_text):not(.elementor-widget-divider--view-line_icon) .elementor-divider-separator{border-top:var(--divider-border-width) var(--divider-border-style) var(--divider-color)}.elementor-widget-divider--separator-type-pattern{--divider-border-style:none}.elementor-widget-divider--separator-type-pattern.elementor-widget-divider--view-line .elementor-divider-separator,.elementor-widget-divider--separator-type-pattern:not(.elementor-widget-divider--view-line) .elementor-divider-separator:after,.elementor-widget-divider--separator-type-pattern:not(.elementor-widget-divider--view-line) .elementor-divider-separator:before,.elementor-widget-divider--separator-type-pattern:not([class*=elementor-widget-divider--view]) .elementor-divider-separator{width:100%;min-height:var(--divider-pattern-height);-webkit-mask-size:var(--divider-pattern-size) 100%;mask-size:var(--divider-pattern-size) 100%;-webkit-mask-repeat:var(--divider-pattern-repeat);mask-repeat:var(--divider-pattern-repeat);background-color:var(--divider-color);-webkit-mask-image:var(--divider-pattern-url);mask-image:var(--divider-pattern-url)}.elementor-widget-divider--no-spacing{--divider-pattern-size:auto}.elementor-widget-divider--bg-round{--divider-pattern-repeat:round}.rtl .elementor-widget-divider .elementor-divider__text{direction:rtl}.e-con-inner>.elementor-widget-divider,.e-con>.elementor-widget-divider{width:var(--container-widget-width,100%);--flex-grow:var(--container-widget-flex-grow)}<\/style>\n<style>\/*! elementor - v3.17.0 - 08-11-2023 *\/<br \/>\n.elementor-heading-title{padding:0;margin:0;line-height:1}.elementor-widget-heading .elementor-heading-title[class*=elementor-size-]>a{color:inherit;font-size:inherit;line-height:inherit}.elementor-widget-heading .elementor-heading-title.elementor-size-small{font-size:15px}.elementor-widget-heading .elementor-heading-title.elementor-size-medium{font-size:19px}.elementor-widget-heading .elementor-heading-title.elementor-size-large{font-size:29px}.elementor-widget-heading .elementor-heading-title.elementor-size-xl{font-size:39px}.elementor-widget-heading .elementor-heading-title.elementor-size-xxl{font-size:59px}<\/style>\n<\/p>\n<h2>GRY &#8211; H\u00e5llbart hantverk<\/h2>\n<p>V\u00e5r vision \u00e4r att en produkt av GRY skall h\u00e5lla l\u00e4nge och som blir en k\u00e4r \u00e4godel.\u00a0\u00a0<\/p>\n<p>Vi kallar v\u00e5rt hantverk h\u00e5llbart. Det \u00e4r det tack vare en nordisk och tidl\u00f6s design, material av h\u00f6gsta kvalitet som klarar slitage och r\u00e4tt sk\u00f6tt blir allt vackrare samt att vi i st\u00f6rsta m\u00f6jliga m\u00e5n anv\u00e4nder r\u00e5varor och material med l\u00e5g milj\u00f6p\u00e5verkan.<\/p>\n<p>Verksamheten \u00e4r liten och sm\u00e5skalig d\u00e5 detta \u00e4r en sidosyssla till mina andra intressen och arbeten i livet. Vi har alltid \u00e4lskat att f\u00e5 arbeta med h\u00e4nderna och att f\u00e5 skapa b\u00e5de praktiska och vackra accessoarer har l\u00e4nge varit en dr\u00f6m.<\/p>\n<p><a href=\"https:\/\/grysweden.se\/?page_id=16\"><br \/>L\u00e4s mer om GRY<br \/><\/a><br \/><img decoding=\"async\" title=\"IMG20230915125816\" src=\"https:\/\/grysweden.se\/wp-content\/uploads\/elementor\/thumbs\/IMG20230915125816-scaled-qfoqime3qub574vtx29vsrmtjp8oms14trpefbqiac.jpg\" alt=\"IMG20230915125816\" \/><br \/><img decoding=\"async\" src=\"https:\/\/grysweden.se\/wp-content\/uploads\/2024\/06\/29A2130_brus_copyright_CarlaOrregoVeliz-768x1152.png\" sizes=\"(max-width: 768px) 100vw, 768px\" srcset=\"https:\/\/grysweden.se\/wp-content\/uploads\/2024\/06\/29A2130_brus_copyright_CarlaOrregoVeliz-768x1152.png 768w, https:\/\/grysweden.se\/wp-content\/uploads\/2024\/06\/29A2130_brus_copyright_CarlaOrregoVeliz-200x300.png 200w, https:\/\/grysweden.se\/wp-content\/uploads\/2024\/06\/29A2130_brus_copyright_CarlaOrregoVeliz-683x1024.png 683w, https:\/\/grysweden.se\/wp-content\/uploads\/2024\/06\/29A2130_brus_copyright_CarlaOrregoVeliz-1024x1536.png 1024w, https:\/\/grysweden.se\/wp-content\/uploads\/2024\/06\/29A2130_brus_copyright_CarlaOrregoVeliz-1366x2048.png 1366w, https:\/\/grysweden.se\/wp-content\/uploads\/2024\/06\/29A2130_brus_copyright_CarlaOrregoVeliz-1320x1980.png 1320w, https:\/\/grysweden.se\/wp-content\/uploads\/2024\/06\/29A2130_brus_copyright_CarlaOrregoVeliz-600x900.png 600w\" alt=\"\" width=\"768\" height=\"1152\" \/><br \/><img decoding=\"async\" title=\"cow-1008554_1280\" src=\"https:\/\/grysweden.se\/wp-content\/uploads\/elementor\/thumbs\/cow-1008554_1280-edited-qfov0munpu3cbjjuvldy2dtzjkp8co7lfnp999intg.jpg\" alt=\"cow-1008554_1280\" \/><\/p>\n<h2>Made in Sweden<\/h2>\n<p>Made in Sweden st\u00e5r f\u00f6r att b\u00e5de l\u00e4dertillverkningen och produktionen av v\u00e4skorna \u00e4r f\u00f6rlagd till Sverige. N\u00e5got som kan vara viktigt att po\u00e4ngtera d\u00e5 i stort sett all s\u00f6mnad och produktion numera \u00e4r flyttad till l\u00e5gl\u00f6nel\u00e4nder. Inte s\u00e4llan po\u00e4ngterar vissa tillverkare att l\u00e4dret \u00e4r av svenskt ursprung. Men att l\u00e4dret sedan flygs\u00a0 till Indien och sys upp f\u00f6r att flygas tillbaka \u00e4r inte lika sj\u00e4lvklart och \u00e4r f\u00f6r oss sv\u00e5rt att motivera ur milj\u00f6synpunkt. N\u00e4r du k\u00f6per en vara som producerats i Sverige st\u00e5r det inte bara f\u00f6r mindre utsl\u00e4pp men ocks\u00e5 f\u00f6r schyssta arbetsvillkor.\u00a0<\/p>\n<p>Svenskt l\u00e4der som garvas i Sverige och en tillverkning i G\u00f6teborg f\u00f6renar h\u00e5llbarhetst\u00e4nk med kvalitet i hantverket, dr\u00e4gliga f\u00f6rh\u00e5llanden f\u00f6r djuren vars skinn blir l\u00e4der , garvningsprocesser som inte f\u00f6rgiftar\u00a0 grundvatten och arbetsf\u00f6rh\u00e5llanden som g\u00e5r att st\u00e5 f\u00f6r. Det \u00e4r h\u00e5llbarhet. VI anv\u00e4nder fr\u00e4mst l\u00e4der fr\u00e5n T\u00e4rnsj\u00f6 Garveri och du kan l\u00e4sa mer om dem p\u00e5 l\u00e4nken nedanf\u00f6r.<\/p>\n<p><a href=\"https:\/\/tarnsjogarveri.com\/sv\/environment\/\"><br \/>L\u00e4s om T\u00e4rnsj\u00f6 Garveri<br \/><\/a><br \/><a href=\"https:\/\/grysweden.se\/?product=ryggsack-i-lader\"><br \/><img decoding=\"async\" src=\"https:\/\/grysweden.se\/wp-content\/uploads\/2024\/06\/29A1369_brus_copyright_CarlaOrregoVeliz-1024x683.png\" sizes=\"(max-width: 1024px) 100vw, 1024px\" srcset=\"https:\/\/grysweden.se\/wp-content\/uploads\/2024\/06\/29A1369_brus_copyright_CarlaOrregoVeliz-1024x683.png 1024w, https:\/\/grysweden.se\/wp-content\/uploads\/2024\/06\/29A1369_brus_copyright_CarlaOrregoVeliz-300x200.png 300w, https:\/\/grysweden.se\/wp-content\/uploads\/2024\/06\/29A1369_brus_copyright_CarlaOrregoVeliz-768x512.png 768w, https:\/\/grysweden.se\/wp-content\/uploads\/2024\/06\/29A1369_brus_copyright_CarlaOrregoVeliz-1536x1024.png 1536w, https:\/\/grysweden.se\/wp-content\/uploads\/2024\/06\/29A1369_brus_copyright_CarlaOrregoVeliz-2048x1365.png 2048w, https:\/\/grysweden.se\/wp-content\/uploads\/2024\/06\/29A1369_brus_copyright_CarlaOrregoVeliz-1320x880.png 1320w, https:\/\/grysweden.se\/wp-content\/uploads\/2024\/06\/29A1369_brus_copyright_CarlaOrregoVeliz-600x400.png 600w\" alt=\"\" width=\"1024\" height=\"683\" \/> <\/a><\/p>\n<p><style>\/*! elementor - v3.17.0 - 08-11-2023 *\/<br \/>\n.elementor-widget-social-icons.elementor-grid-0 .elementor-widget-container,.elementor-widget-social-icons.elementor-grid-mobile-0 .elementor-widget-container,.elementor-widget-social-icons.elementor-grid-tablet-0 .elementor-widget-container{line-height:1;font-size:0}.elementor-widget-social-icons:not(.elementor-grid-0):not(.elementor-grid-tablet-0):not(.elementor-grid-mobile-0) .elementor-grid{display:inline-grid}.elementor-widget-social-icons .elementor-grid{grid-column-gap:var(--grid-column-gap,5px);grid-row-gap:var(--grid-row-gap,5px);grid-template-columns:var(--grid-template-columns);justify-content:var(--justify-content,center);justify-items:var(--justify-content,center)}.elementor-icon.elementor-social-icon{font-size:var(--icon-size,25px);line-height:var(--icon-size,25px);width:calc(var(--icon-size, 25px) + (2 * var(--icon-padding, .5em)));height:calc(var(--icon-size, 25px) + (2 * var(--icon-padding, .5em)))}.elementor-social-icon{--e-social-icon-icon-color:#fff;display:inline-flex;background-color:#69727d;align-items:center;justify-content:center;text-align:center;cursor:pointer}.elementor-social-icon i{color:var(--e-social-icon-icon-color)}.elementor-social-icon svg{fill:var(--e-social-icon-icon-color)}.elementor-social-icon:last-child{margin:0}.elementor-social-icon:hover{opacity:.9;color:#fff}.elementor-social-icon-android{background-color:#a4c639}.elementor-social-icon-apple{background-color:#999}.elementor-social-icon-behance{background-color:#1769ff}.elementor-social-icon-bitbucket{background-color:#205081}.elementor-social-icon-codepen{background-color:#000}.elementor-social-icon-delicious{background-color:#39f}.elementor-social-icon-deviantart{background-color:#05cc47}.elementor-social-icon-digg{background-color:#005be2}.elementor-social-icon-dribbble{background-color:#ea4c89}.elementor-social-icon-elementor{background-color:#d30c5c}.elementor-social-icon-envelope{background-color:#ea4335}.elementor-social-icon-facebook,.elementor-social-icon-facebook-f{background-color:#3b5998}.elementor-social-icon-flickr{background-color:#0063dc}.elementor-social-icon-foursquare{background-color:#2d5be3}.elementor-social-icon-free-code-camp,.elementor-social-icon-freecodecamp{background-color:#006400}.elementor-social-icon-github{background-color:#333}.elementor-social-icon-gitlab{background-color:#e24329}.elementor-social-icon-globe{background-color:#69727d}.elementor-social-icon-google-plus,.elementor-social-icon-google-plus-g{background-color:#dd4b39}.elementor-social-icon-houzz{background-color:#7ac142}.elementor-social-icon-instagram{background-color:#262626}.elementor-social-icon-jsfiddle{background-color:#487aa2}.elementor-social-icon-link{background-color:#818a91}.elementor-social-icon-linkedin,.elementor-social-icon-linkedin-in{background-color:#0077b5}.elementor-social-icon-medium{background-color:#00ab6b}.elementor-social-icon-meetup{background-color:#ec1c40}.elementor-social-icon-mixcloud{background-color:#273a4b}.elementor-social-icon-odnoklassniki{background-color:#f4731c}.elementor-social-icon-pinterest{background-color:#bd081c}.elementor-social-icon-product-hunt{background-color:#da552f}.elementor-social-icon-reddit{background-color:#ff4500}.elementor-social-icon-rss{background-color:#f26522}.elementor-social-icon-shopping-cart{background-color:#4caf50}.elementor-social-icon-skype{background-color:#00aff0}.elementor-social-icon-slideshare{background-color:#0077b5}.elementor-social-icon-snapchat{background-color:#fffc00}.elementor-social-icon-soundcloud{background-color:#f80}.elementor-social-icon-spotify{background-color:#2ebd59}.elementor-social-icon-stack-overflow{background-color:#fe7a15}.elementor-social-icon-steam{background-color:#00adee}.elementor-social-icon-stumbleupon{background-color:#eb4924}.elementor-social-icon-telegram{background-color:#2ca5e0}.elementor-social-icon-thumb-tack{background-color:#1aa1d8}.elementor-social-icon-tripadvisor{background-color:#589442}.elementor-social-icon-tumblr{background-color:#35465c}.elementor-social-icon-twitch{background-color:#6441a5}.elementor-social-icon-twitter{background-color:#1da1f2}.elementor-social-icon-viber{background-color:#665cac}.elementor-social-icon-vimeo{background-color:#1ab7ea}.elementor-social-icon-vk{background-color:#45668e}.elementor-social-icon-weibo{background-color:#dd2430}.elementor-social-icon-weixin{background-color:#31a918}.elementor-social-icon-whatsapp{background-color:#25d366}.elementor-social-icon-wordpress{background-color:#21759b}.elementor-social-icon-xing{background-color:#026466}.elementor-social-icon-yelp{background-color:#af0606}.elementor-social-icon-youtube{background-color:#cd201f}.elementor-social-icon-500px{background-color:#0099e5}.elementor-shape-rounded .elementor-icon.elementor-social-icon{border-radius:10%}.elementor-shape-circle .elementor-icon.elementor-social-icon{border-radius:50%}<\/style>\n<\/p>\n<p><a href=\"https:\/\/www.instagram.com\/gry_sweden\/\" target=\"_blank\" rel=\"noopener\"><br \/>Instagram<br \/><\/a><\/p><p><\/p>","protected":false},"excerpt":{"rendered":"<p>GRY &#8211; H\u00e5llbart hantverk V\u00e5r vision \u00e4r att en produkt av GRY skall h\u00e5lla l\u00e4nge och som blir en k\u00e4r \u00e4godel.\u00a0\u00a0 Vi kallar v\u00e5rt hantverk h\u00e5llbart. Det \u00e4r det tack vare en nordisk och tidl\u00f6s design, material av h\u00f6gsta kvalitet som klarar slitage och r\u00e4tt sk\u00f6tt blir allt vackrare samt att vi i st\u00f6rsta m\u00f6jliga [&hellip;]<\/p>\n","protected":false},"author":1,"featured_media":0,"parent":0,"menu_order":0,"comment_status":"closed","ping_status":"closed","template":"","meta":{"footnotes":""},"class_list":["post-15","page","type-page","status-publish","hentry"],"jetpack_sharing_enabled":true,"_links":{"self":[{"href":"https:\/\/grysweden.se\/index.php?rest_route=\/wp\/v2\/pages\/15","targetHints":{"allow":["GET"]}}],"collection":[{"href":"https:\/\/grysweden.se\/index.php?rest_route=\/wp\/v2\/pages"}],"about":[{"href":"https:\/\/grysweden.se\/index.php?rest_route=\/wp\/v2\/types\/page"}],"author":[{"embeddable":true,"href":"https:\/\/grysweden.se\/index.php?rest_route=\/wp\/v2\/users\/1"}],"replies":[{"embeddable":true,"href":"https:\/\/grysweden.se\/index.php?rest_route=%2Fwp%2Fv2%2Fcomments&post=15"}],"version-history":[{"count":111,"href":"https:\/\/grysweden.se\/index.php?rest_route=\/wp\/v2\/pages\/15\/revisions"}],"predecessor-version":[{"id":428,"href":"https:\/\/grysweden.se\/index.php?rest_route=\/wp\/v2\/pages\/15\/revisions\/428"}],"wp:attachment":[{"href":"https:\/\/grysweden.se\/index.php?rest_route=%2Fwp%2Fv2%2Fmedia&parent=15"}],"curies":[{"name":"wp","href":"https:\/\/api.w.org\/{rel}","templated":true}]}}